{"id":874,"date":"2023-01-01T22:14:23","date_gmt":"2023-01-01T22:14:23","guid":{"rendered":"https:\/\/www.gudmundson.art\/?page_id=874"},"modified":"2023-08-08T14:24:52","modified_gmt":"2023-08-08T14:24:52","slug":"handledning-i-grafik","status":"publish","type":"page","link":"https:\/\/www.gudmundson.art\/index.php\/handledning-i-grafik\/","title":{"rendered":"Handledning i Grafik"},"content":{"rendered":"\n<div class=\"wp-block-columns is-layout-flex wp-container-core-columns-is-layout-28f84493 wp-block-columns-is-layout-flex\">\n<div class=\"wp-block-column is-layout-flow wp-block-column-is-layout-flow\" style=\"flex-basis:100%\">\n<figure class=\"wp-block-image alignleft size-full is-resized\"><img decoding=\"async\" src=\"https:\/\/www.gudmundson.art\/wp-content\/uploads\/2012\/11\/60.jpg\" alt=\"\" class=\"wp-image-180\" width=\"210\" height=\"330\" srcset=\"https:\/\/www.gudmundson.art\/wp-content\/uploads\/2012\/11\/60.jpg 414w, https:\/\/www.gudmundson.art\/wp-content\/uploads\/2012\/11\/60-191x300.jpg 191w\" sizes=\"(max-width: 210px) 100vw, 210px\" \/><figcaption class=\"wp-element-caption\">\t\t\t\t\t\t<\/figcaption><\/figure>\n\n\n\n<p class=\"has-text-align-justify\">Grafikboken \u00e4r en <a href=\"http:\/\/www.gnu.org\/licenses\/licenses.html#FDL\">fri<\/a> grafikresurs p\u00e5 n\u00e4tet, t\u00e4nkt att kunna anv\u00e4ndas i undervisningsyfte eller som en generell kunskapsk\u00e4lla om grafik f\u00f6r intresserade. Boken har sin upprinnelse i de kompendier jag anv\u00e4nt i undervisningen, sammanst\u00e4llda hamnade de p\u00e5 cirka 100 sidor med illustrationer. Som pdf \u00e4r boken formaterad f\u00f6r att skrivas ut p\u00e5 A4.<\/p>\n<\/div>\n<\/div>\n\n\n\n<div class=\"wp-block-buttons is-layout-flex wp-block-buttons-is-layout-flex\">\n<div class=\"wp-block-button has-custom-width wp-block-button__width-100\"><a class=\"wp-block-button__link wp-element-button\" href=\"https:\/\/grafiskasallskapet.se\/GSimg\/pdf\/grafikboken.pdf\" style=\"border-radius:0px\" target=\"_blank\" rel=\"noreferrer noopener\">Handledning i Grafik<\/a><\/div>\n<\/div>\n","protected":false},"excerpt":{"rendered":"<p>Grafikboken \u00e4r en fri grafikresurs p\u00e5 n\u00e4tet, t\u00e4nkt att kunna anv\u00e4ndas i undervisningsyfte eller som en generell kunskapsk\u00e4lla om grafik f\u00f6r intresserade. Boken har sin upprinnelse i de kompendier jag anv\u00e4nt i undervisningen, sammanst\u00e4llda hamnade de p\u00e5 cirka 100 sidor med illustrationer. Som pdf \u00e4r boken formaterad f\u00f6r att skrivas ut p\u00e5 A4.<\/p>\n","protected":false},"author":1,"featured_media":0,"parent":0,"menu_order":0,"comment_status":"closed","ping_status":"closed","template":"","meta":{"footnotes":""},"class_list":["post-874","page","type-page","status-publish","hentry"],"jetpack-related-posts":[{"id":828,"url":"https:\/\/www.gudmundson.art\/index.php\/cv\/","url_meta":{"origin":874,"position":0},"title":"CV","date":"November 2, 2012","format":false,"excerpt":"","rel":"","context":"Similar post","img":{"alt_text":"","src":"","width":0,"height":0},"classes":[]}],"_links":{"self":[{"href":"https:\/\/www.gudmundson.art\/index.php\/wp-json\/wp\/v2\/pages\/874","targetHints":{"allow":["GET"]}}],"collection":[{"href":"https:\/\/www.gudmundson.art\/index.php\/wp-json\/wp\/v2\/pages"}],"about":[{"href":"https:\/\/www.gudmundson.art\/index.php\/wp-json\/wp\/v2\/types\/page"}],"author":[{"embeddable":true,"href":"https:\/\/www.gudmundson.art\/index.php\/wp-json\/wp\/v2\/users\/1"}],"replies":[{"embeddable":true,"href":"https:\/\/www.gudmundson.art\/index.php\/wp-json\/wp\/v2\/comments?post=874"}],"version-history":[{"count":39,"href":"https:\/\/www.gudmundson.art\/index.php\/wp-json\/wp\/v2\/pages\/874\/revisions"}],"predecessor-version":[{"id":1107,"href":"https:\/\/www.gudmundson.art\/index.php\/wp-json\/wp\/v2\/pages\/874\/revisions\/1107"}],"wp:attachment":[{"href":"https:\/\/www.gudmundson.art\/index.php\/wp-json\/wp\/v2\/media?parent=874"}],"curies":[{"name":"wp","href":"https:\/\/api.w.org\/{rel}","templated":true}]}}